{"id":735,"date":"2021-01-04T13:16:42","date_gmt":"2021-01-04T12:16:42","guid":{"rendered":"https:\/\/fust-electrolux.neuheitenschulung.ch\/?page_id=735"},"modified":"2021-03-15T14:19:37","modified_gmt":"2021-03-15T13:19:37","slug":"connexion","status":"publish","type":"page","link":"https:\/\/fust-electrolux.neuheitenschulung.ch\/fr\/connexion\/","title":{"rendered":"Connexion"},"content":{"rendered":"<p>[vc_row][vc_column width=&#8221;1\/4&#8243;][\/vc_column][vc_column width=&#8221;1\/2&#8243;][vc_empty_space height=&#8221;10vh&#8221;][vc_column_text]<\/p>\n<h3 style=\"text-align: left;\">Bienvenue. Connectez-vous ici pour la formation des nouveaut\u00e9s Electrolux. Veuillez saisir l&#8217;adresse \u00e9lectronique et le mot de passe avec lesquels vous vous \u00eates inscrit. Nous vous avons envoy\u00e9 \u00e0 nouveau votre mot de passe il y a quelques jours pour vous le rappeler.<\/h3>\n<p>[\/vc_column_text][vc_column_text]\r\n<div class=\"um um-login um-53\">\r\n\r\n\t<div class=\"um-form\">\r\n\r\n\t\t<form method=\"post\" action=\"\" autocomplete=\"off\">\r\n\r\n\t\t\t<div class=\"um-row _um_row_1 \" style=\"margin: 0 0 30px 0;\"><div class=\"um-col-1\"><div  id=\"um_field_53_username\" class=\"um-field um-field-text  um-field-username um-field-text um-field-type_text\" data-key=\"username\"><div class=\"um-field-label\"><label for=\"username-53\">E-mail<span class=\"um-req\" title=\"Obligatoire\">*<\/span><\/label><div class=\"um-clear\"><\/div><\/div><div class=\"um-field-area\"><input  autocomplete=\"off\" class=\"um-form-field valid \" type=\"text\" name=\"username-53\" id=\"username-53\" value=\"\" placeholder=\"\" data-validate=\"unique_username_or_email\" data-key=\"username\" \/>\r\n\r\n\t\t\t\t\t\t<\/div><\/div><div  id=\"um_field_53_user_password\" class=\"um-field um-field-password  um-field-user_password um-field-password um-field-type_password\" data-key=\"user_password\"><div class=\"um-field-label\"><label for=\"user_password-53\">Mot de passe<span class=\"um-req\" title=\"Obligatoire\">*<\/span><\/label><div class=\"um-clear\"><\/div><\/div><div class=\"um-field-area\"><input class=\"um-form-field valid \" type=\"password\" name=\"user_password-53\" id=\"user_password-53\" value=\"\" placeholder=\"\" data-validate=\"\" data-key=\"user_password\" \/>\r\n\r\n\t\t\t\t\t\t<\/div><\/div><\/div><\/div>\t\t<input type=\"hidden\" name=\"form_id\" id=\"form_id_53\" value=\"53\" \/>\r\n\t\r\n\t<p class=\"um_request_name\">\r\n\t\t<label for=\"um_request_53\">Only fill in if you are not human<\/label>\r\n\t\t<input type=\"hidden\" name=\"um_request\" id=\"um_request_53\" class=\"input\" value=\"\" size=\"25\" autocomplete=\"off\" \/>\r\n\t<\/p>\r\n\r\n\t<input type=\"hidden\" id=\"_wpnonce\" name=\"_wpnonce\" value=\"ccf90d9545\" \/><input type=\"hidden\" name=\"_wp_http_referer\" value=\"\/fr\/wp-json\/wp\/v2\/pages\/735\" \/>\r\n\t<div class=\"um-col-alt\">\r\n\r\n\t\t\r\n\r\n\t\t\t<div class=\"um-field um-field-c\">\r\n\t\t\t\t<div class=\"um-field-area\">\r\n\t\t\t\t\t<label class=\"um-field-checkbox\">\r\n\t\t\t\t\t\t<input type=\"checkbox\" name=\"rememberme\" value=\"1\"  \/>\r\n\t\t\t\t\t\t<span class=\"um-field-checkbox-state\"><i class=\"um-icon-android-checkbox-outline-blank\"><\/i><\/span>\r\n\t\t\t\t\t\t<span class=\"um-field-checkbox-option\"> Se souvenir de moi<\/span>\r\n\t\t\t\t\t<\/label>\r\n\t\t\t\t<\/div>\r\n\t\t\t<\/div>\r\n\r\n\t\t\t\t\t\t<div class=\"um-clear\"><\/div>\r\n\t\t\r\n\t\t\t<div class=\"um-left um-half\">\r\n\t\t\t\t<input type=\"submit\" value=\"Se connecter\" class=\"um-button\" id=\"um-submit-btn\" \/>\r\n\t\t\t<\/div>\r\n\t\t\t<div class=\"um-right um-half\">\r\n\t\t\t\t<a href=\"https:\/\/fust-electrolux.neuheitenschulung.ch\/fr\/registrieren\/\" class=\"um-button um-alt\">\r\n\t\t\t\t\tInscrivez-vous\t\t\t\t<\/a>\r\n\t\t\t<\/div>\r\n\r\n\t\t\r\n\t\t<div class=\"um-clear\"><\/div>\r\n\r\n\t<\/div>\r\n\r\n\t\r\n\t<div class=\"um-col-alt-b\">\r\n\t\t<a href=\"https:\/\/fust-electrolux.neuheitenschulung.ch\/fr\/reinitialiser-le-mot-de-passe\/\" class=\"um-link-alt\">\r\n\t\t\tMot de passe oubli\u00e9\u00a0?\t\t<\/a>\r\n\t<\/div>\r\n\r\n\t\r\n\t\t<\/form>\r\n\r\n\t<\/div>\r\n\r\n<\/div><style type=\"text\/css\">\n.um-53.um {\n\tmax-width: 550px;\n}<\/style>\n [\/vc_column_text][vc_empty_space height=&#8221;5vh&#8221;][\/vc_column][vc_column width=&#8221;1\/4&#8243;][\/vc_column][\/vc_row]<\/p>\n","protected":false},"excerpt":{"rendered":"<p>[vc_row][vc_column width=&#8221;1\/4&#8243;][\/vc_column][vc_column width=&#8221;1\/2&#8243;][vc_empty_space height=&#8221;10vh&#8221;][vc_column_text] Bienvenue. Connectez-vous ici pour la formation des nouveaut\u00e9s Electrolux. Veuillez saisir l&#8217;adresse \u00e9lectronique et le mot de passe avec lesquels vous vous \u00eates inscrit. Nous vous avons envoy\u00e9 \u00e0 nouveau votre mot de passe il y a quelques jours pour vous le rappeler. [\/vc_column_text][vc_column_text] [\/vc_column_text][vc_empty_space height=&#8221;5vh&#8221;][\/vc_column][vc_column width=&#8221;1\/4&#8243;][\/vc_column][\/vc_row]<\/p>\n","protected":false},"author":1,"featured_media":0,"parent":0,"menu_order":0,"comment_status":"closed","ping_status":"closed","template":"","meta":[],"_links":{"self":[{"href":"https:\/\/fust-electrolux.neuheitenschulung.ch\/fr\/wp-json\/wp\/v2\/pages\/735"}],"collection":[{"href":"https:\/\/fust-electrolux.neuheitenschulung.ch\/fr\/wp-json\/wp\/v2\/pages"}],"about":[{"href":"https:\/\/fust-electrolux.neuheitenschulung.ch\/fr\/wp-json\/wp\/v2\/types\/page"}],"author":[{"embeddable":true,"href":"https:\/\/fust-electrolux.neuheitenschulung.ch\/fr\/wp-json\/wp\/v2\/users\/1"}],"replies":[{"embeddable":true,"href":"https:\/\/fust-electrolux.neuheitenschulung.ch\/fr\/wp-json\/wp\/v2\/comments?post=735"}],"version-history":[{"count":8,"href":"https:\/\/fust-electrolux.neuheitenschulung.ch\/fr\/wp-json\/wp\/v2\/pages\/735\/revisions"}],"predecessor-version":[{"id":1018,"href":"https:\/\/fust-electrolux.neuheitenschulung.ch\/fr\/wp-json\/wp\/v2\/pages\/735\/revisions\/1018"}],"wp:attachment":[{"href":"https:\/\/fust-electrolux.neuheitenschulung.ch\/fr\/wp-json\/wp\/v2\/media?parent=735"}],"curies":[{"name":"wp","href":"https:\/\/api.w.org\/{rel}","templated":true}]}}