{"id":57,"date":"2020-12-07T15:40:30","date_gmt":"2020-12-07T14:40:30","guid":{"rendered":"https:\/\/fust-electrolux.neuheitenschulung.ch\/?page_id=57"},"modified":"2021-01-04T12:43:00","modified_gmt":"2021-01-04T11:43:00","slug":"registrieren","status":"publish","type":"page","link":"https:\/\/fust-electrolux.neuheitenschulung.ch\/fr\/registrieren\/","title":{"rendered":"Registrieren"},"content":{"rendered":"<p>[vc_row full_width=&#8221;stretch_row&#8221; full_height=&#8221;yes&#8221; css=&#8221;.vc_custom_1607331104782{background-color: #011e41 !important;}&#8221;][vc_column][vc_row_inner css=&#8221;.vc_custom_1607408112914{margin-top: 5% !important;}&#8221;][vc_column_inner width=&#8221;1\/4&#8243;][\/vc_column_inner][vc_column_inner el_class=&#8221;white&#8221; width=&#8221;1\/2&#8243;][vc_column_text el_class=&#8221;white&#8221;]<\/p>\n<h2 style=\"text-align: center;\">Enregistrement pour la formation des nouveaut\u00e9s Electrolux<\/h2>\n<p>[\/vc_column_text][\/vc_column_inner][vc_column_inner width=&#8221;1\/4&#8243;][\/vc_column_inner][\/vc_row_inner][\/vc_column][vc_column el_class=&#8221;.round&#8221;][vc_row_inner css=&#8221;.vc_custom_1607332458101{margin-right: -30% !important;margin-left: -30% !important;}&#8221;][vc_column_inner width=&#8221;1\/4&#8243;][\/vc_column_inner][vc_column_inner el_class=&#8221;custom-pp-center&#8221; width=&#8221;1\/2&#8243;][vc_column_text]\r\n<div class=\"um um-register um-52\">\r\n\r\n\t<div class=\"um-form\" data-mode=\"register\">\r\n\r\n\t\t<form method=\"post\" action=\"\">\r\n\r\n\t\t\t<div class=\"um-row _um_row_1 \" style=\"margin: 0 0 30px 0;\"><div class=\"um-col-1\"><div  id=\"um_field_52_first_name\" class=\"um-field um-field-text  um-field-first_name um-field-text um-field-type_text\" data-key=\"first_name\"><div class=\"um-field-label\"><label for=\"first_name-52\">Pr\u00e9nom<span class=\"um-req\" title=\"Obligatoire\">*<\/span><\/label><div class=\"um-clear\"><\/div><\/div><div class=\"um-field-area\"><input  autocomplete=\"off\" class=\"um-form-field valid \" type=\"text\" name=\"first_name-52\" id=\"first_name-52\" value=\"\" placeholder=\"\" data-validate=\"\" data-key=\"first_name\" \/>\r\n\r\n\t\t\t\t\t\t<\/div><\/div><div  id=\"um_field_52_last_name\" class=\"um-field um-field-text  um-field-last_name um-field-text um-field-type_text\" data-key=\"last_name\"><div class=\"um-field-label\"><label for=\"last_name-52\">Nom de famille<span class=\"um-req\" title=\"Obligatoire\">*<\/span><\/label><div class=\"um-clear\"><\/div><\/div><div class=\"um-field-area\"><input  autocomplete=\"off\" class=\"um-form-field valid \" type=\"text\" name=\"last_name-52\" id=\"last_name-52\" value=\"\" placeholder=\"\" data-validate=\"\" data-key=\"last_name\" \/>\r\n\r\n\t\t\t\t\t\t<\/div><\/div><div  id=\"um_field_52_user_email\" class=\"um-field um-field-text  um-field-user_email um-field-text um-field-type_text\" data-key=\"user_email\"><div class=\"um-field-label\"><label for=\"user_email-52\">Adresse e-mail<span class=\"um-req\" title=\"Obligatoire\">*<\/span><\/label><div class=\"um-clear\"><\/div><\/div><div class=\"um-field-area\"><input  autocomplete=\"off\" class=\"um-form-field valid \" type=\"text\" name=\"user_email-52\" id=\"user_email-52\" value=\"\" placeholder=\"\" data-validate=\"unique_email\" data-key=\"user_email\" \/>\r\n\r\n\t\t\t\t\t\t<\/div><\/div><div  id=\"um_field_52_user_password\" class=\"um-field um-field-password  um-field-user_password um-field-password um-field-type_password\" data-key=\"user_password\"><div class=\"um-field-label\"><label for=\"user_password-52\">Mot de passe<span class=\"um-req\" title=\"Obligatoire\">*<\/span><\/label><div class=\"um-clear\"><\/div><\/div><div class=\"um-field-area\"><input class=\"um-form-field valid \" type=\"password\" name=\"user_password-52\" id=\"user_password-52\" value=\"\" placeholder=\"\" data-validate=\"\" data-key=\"user_password\" \/>\r\n\r\n\t\t\t\t\t\t<\/div><\/div><div  id=\"um_field_52_confirm_user_password\" class=\"um-field um-field-password  um-field-user_password um-field-password um-field-type_password\" data-key=\"confirm_user_password\"><div class=\"um-field-label\"><label for=\"confirm_user_password-52\">Confirmer le Mot de passe<span class=\"um-req\" title=\"Obligatoire\">*<\/span><\/label><div class=\"um-clear\"><\/div><\/div><div class=\"um-field-area\"><input class=\"um-form-field valid \" type=\"password\" name=\"confirm_user_password-52\" id=\"confirm_user_password-52\" value=\"\" placeholder=\"Confirmer le Mot de passe\" data-validate=\"\" data-key=\"confirm_user_password\" \/><\/div><\/div><div  id=\"um_field_52_languages\" class=\"um-field um-field-multiselect  um-field-languages um-field-multiselect um-field-type_multiselect\" data-key=\"languages\"><div class=\"um-field-label\"><label for=\"languages-52\">Gesprochene Sprachen<span class=\"um-req\" title=\"Obligatoire\">*<\/span><\/label><div class=\"um-clear\"><\/div><\/div><div class=\"um-field-area  \"><select   disabled=\"disabled\"  multiple=\"multiple\" name=\"languages[]\" id=\"languages\" data-maxsize=\"0\" data-validate=\"\" data-key=\"languages\" class=\"um-form-field valid um-s1  um-user-keyword_0\" style=\"width: 100%\" data-placeholder=\"Sprachen ausw\u00e4hlen\"><option value=\"\"><\/option><option value=\"Afar\" >Afar<\/option><option value=\"Abchasisch\" >Abchasisch<\/option><option value=\"Avestisch\" >Avestisch<\/option><option value=\"Afrikanisch\" >Afrikanisch<\/option><option value=\"Akan\" >Akan<\/option><option value=\"Amharisch\" >Amharisch<\/option><option value=\"Aragonisch\" >Aragonisch<\/option><option value=\"Arabisch\" >Arabisch<\/option><option value=\"Assamesisch\" >Assamesisch<\/option><option value=\"Awarische Sprache\" >Awarische Sprache<\/option><option value=\"Aymaranisch\" >Aymaranisch<\/option><option value=\"Azerbaijanisch\" >Azerbaijanisch<\/option><option value=\"Baschkirische Sprache\" >Baschkirische Sprache<\/option><option value=\"Wei\u00dfrussisch\" >Wei\u00dfrussisch<\/option><option value=\"Bulgarisch\" >Bulgarisch<\/option><option value=\"Bihari\" >Bihari<\/option><option value=\"Bislama\" >Bichlamar<\/option><option value=\"Akan\" >Akan<\/option><option value=\"Bengalisch\" >Bengalisch<\/option><option value=\"Tibetisch\" >Tibetisch<\/option><option value=\"Bretonisch\" >Bretonisch<\/option><option value=\"Bosnisch\" >Bosnisch<\/option><option value=\"Katalanisch\" >Katalanisch<\/option><option value=\"Tschetschenisch\" >Tschetschenisch<\/option><option value=\"Chamorro\" >Chamorro<\/option><option value=\"Korsisch\" >Korsisch<\/option><option value=\"Cree\" >Cri<\/option><option value=\"Tschechisch\" >Tschechisch<\/option><option value=\"Kirchenslawisch\" >Kirchenslawisch<\/option><option value=\"Tschuwaschisch\" >Tschuwaschisch<\/option><option value=\"Walisisch\" >Walisisch<\/option><option value=\"D\u00e4nisch\" >D\u00e4nisch<\/option><option value=\"Deutsch\" >Deutsch<\/option><option value=\"Dhivehi\" >Dhivehi<\/option><option value=\"Dzongkha\" >Dzongkha<\/option><option value=\"Ewisch\" >Ewisch<\/option><option value=\"Griechisch\" >Griechisch<\/option><option value=\"Englisch\" >Englisch<\/option><option value=\"Esperanto\" >Esp\u00e9ranto<\/option><option value=\"Spanish\" >Espagnol<\/option><option value=\"Estnisch\" >Estnisch<\/option><option value=\"Baskisch\" >Baskisch<\/option><option value=\"Persisch\" >Persisch<\/option><option value=\"Fulfulde\" >Fulfulde<\/option><option value=\"Finnisch\" >Finnisch<\/option><option value=\"Fiji\" >Fidji<\/option><option value=\"F\u00e4r\u00f6isch\" >F\u00e4r\u00f6isch<\/option><option value=\"Franz\u00f6sisch\" selected>Franz\u00f6sisch<\/option><option value=\"Westfriesisch\" >Westfriesisch<\/option><option value=\"Irisch\" >Irisch<\/option><option value=\"Schottisch-g\u00e4lische Sprache\" >Schottisch-g\u00e4lische Sprache<\/option><option value=\"Galicisch\" >Galicisch<\/option><option value=\"Guarani\" >Guarani<\/option><option value=\"Gujarati\" >Gujarati<\/option><option value=\"Manx\" >Mannois<\/option><option value=\"Hausa\" >Haoussa<\/option><option value=\"Hebr\u00e4isch\" >Hebr\u00e4isch<\/option><option value=\"Hindi\" >Hindi<\/option><option value=\"Hiri Motu\" >Hiri motu<\/option><option value=\"Kroatisch\" >Kroatisch<\/option><option value=\"Haitianer\" >Haitianer<\/option><option value=\"Ungarisch\" >Ungarisch<\/option><option value=\"Armenisch\" >Armenisch<\/option><option value=\"Herero\" >H\u00e9r\u00e9ro<\/option><option value=\"Interlingua\" >Interlingua<\/option><option value=\"Indonesisch\" >Indonesisch<\/option><option value=\"Interlingue\" >Interlingue<\/option><option value=\"Igbo\" >Igbo<\/option><option value=\"Sichuan Yi\" >Yi du Sichuan<\/option><option value=\"Inupiat\" >Inupiat<\/option><option value=\"Ido\" >Ido<\/option><option value=\"Isl\u00e4ndisch\" >Isl\u00e4ndisch<\/option><option value=\"Italienisch\" >Italienisch<\/option><option value=\"Inuktitut\" >Inuktitut<\/option><option value=\"Japanisch\" >Japanisch<\/option><option value=\"Javanisch\" >Javanisch<\/option><option value=\"Georgisch\" >Georgisch<\/option><option value=\"Kongo\" >Kikongo<\/option><option value=\"Kikuyu\" >Kikuyu<\/option><option value=\"Kwanyama\" >Kuanyama<\/option><option value=\"Kasachisch\" >Kasachisch<\/option><option value=\"Kalaallisut\" >Groenlandais<\/option><option value=\"Khmer\" >Khmer<\/option><option value=\"Kannada\" >Kannada<\/option><option value=\"Koreanisch\" >Koreanisch<\/option><option value=\"Kanuri\" >Kanouri<\/option><option value=\"Kashmiri\" >Cachemiri<\/option><option value=\"Kurdisch\" >Kurdisch<\/option><option value=\"Komi\" >Komi<\/option><option value=\"Kornische Sprache\" >Kornische Sprache<\/option><option value=\"Kirgisisch\" >Kirgisisch<\/option><option value=\"Latein\" >Latein<\/option><option value=\"Furlanisch\" >Furlanisch<\/option><option value=\"Ganda\" >Luganda<\/option><option value=\"Limburgisch\" >Limburgisch<\/option><option value=\"Ling\u00e1la\" >Ling\u00e1la<\/option><option value=\"Lao\" >Laotien<\/option><option value=\"Litauisch\" >Litauisch<\/option><option value=\"Kiluba\" >Kiluba<\/option><option value=\"Lettisch\" >Lettisch<\/option><option value=\"Malagasisch\" >Malagasisch<\/option><option value=\"Marshallesische Sprache\" >Marshallesische Sprache<\/option><option value=\"Maori\" >Maori<\/option><option value=\"Mazedonisch\" >Mazedonisch<\/option><option value=\"Malayalam\" >Malayalam<\/option><option value=\"Mongolisch\" >Mongolisch<\/option><option value=\"Marathi\" >Marathi<\/option><option value=\"Malaiisch\" >Malaiisch<\/option><option value=\"Maltesisch\" >Maltesisch<\/option><option value=\"Birmanisch\" >Birmanisch<\/option><option value=\"Nauru\" >Nauru<\/option><option value=\"Bokmal\" >Bokmal<\/option><option value=\"Nord-Ndebele\" >Nord-Ndebele<\/option><option value=\"Nepalesisch\" >Nepalesisch<\/option><option value=\"Ndonga\" >Ndonga<\/option><option value=\"Niederl\u00e4ndisch\" >Niederl\u00e4ndisch<\/option><option value=\"Norwegisch Nynorsk\" >Norwegisch Nynorsk<\/option><option value=\"Norwegisch\" >Norwegisch<\/option><option value=\"S\u00fcd-Ndebele\" >S\u00fcd-Ndebele<\/option><option value=\"Navajo\" >Navajo<\/option><option value=\"Chichewa\" >Chewa<\/option><option value=\"Okzitan\" >Okzitan<\/option><option value=\"Ojibwemowin\" >Ojibwemowin<\/option><option value=\"Oromo\" >Oromo<\/option><option value=\"Oriya\" >Oriya<\/option><option value=\"Ossetisch\" >Ossetisch<\/option><option value=\"Pandschabisch\" >Pandschabisch<\/option><option value=\"Pali\" >Pali<\/option><option value=\"Polnisch\" >Polnisch<\/option><option value=\"Puschtunisch\" >Puschtunisch<\/option><option value=\"Portugiesisch\" >Portugiesisch<\/option><option value=\"Quechua\" >Quechua<\/option><option value=\"R\u00e4toromanisch\" >R\u00e4toromanisch<\/option><option value=\"Kirundi\" >Kirundi<\/option><option value=\"Rum\u00e4nisch\" >Rum\u00e4nisch<\/option><option value=\"Russisch\" >Russisch<\/option><option value=\"Kinyaruanda\" >Kinyaruanda<\/option><option value=\"Sanskrit\" >Sanskrit<\/option><option value=\"Sardische\" >Sardische<\/option><option value=\"Sindhi\" >Sindhi<\/option><option value=\"Nordsamische Sprache\" >Nordsamische Sprache<\/option><option value=\"Sango\" >Sango<\/option><option value=\"Singhalesisch\" >Singhalesisch<\/option><option value=\"Slowakisch\" >Slowakisch<\/option><option value=\"Slowenisch\" >Slowenisch<\/option><option value=\"Samoanisch\" >Samoanisch<\/option><option value=\"Schonisch\" >Schonisch<\/option><option value=\"Somalisch\" >Somalisch<\/option><option value=\"Albanisch\" >Albanisch<\/option><option value=\"Serbisch\" >Serbisch<\/option><option value=\"Swazi\" >Swazi<\/option><option value=\"Swazi\" >Swazi<\/option><option value=\"Sundanesisch\" >Sundanesisch<\/option><option value=\"Schwedisch\" >Schwedisch<\/option><option value=\"Suaheli\" >Suaheli<\/option><option value=\"Tamilisch\" >Tamilisch<\/option><option value=\"Telugu\" >T\u00e9lougou<\/option><option value=\"Tamil\" >Tamoul<\/option><option value=\"Thail\u00e4ndisch\" >Thail\u00e4ndisch<\/option><option value=\"Tigrinja\" >Tigrinja<\/option><option value=\"Turkmenisch\" >Turkmenisch<\/option><option value=\"Tagalog\" >Tagalog<\/option><option value=\"Tswana\" >Tswana<\/option><option value=\"Tonga\" >Tonga<\/option><option value=\"T\u00fcrkisch\" >T\u00fcrkisch<\/option><option value=\"Tsonga\" >Tsonga<\/option><option value=\"Tatarisch\" >Tatarisch<\/option><option value=\"Twi\" >Twi<\/option><option value=\"Tahitisch\" >Tahitisch<\/option><option value=\"Uigurisch\" >Uigurisch<\/option><option value=\"Ukrainisch\" >Ukrainisch<\/option><option value=\"Urdu\" >Ourdou<\/option><option value=\"Usbekisch\" >Usbekisch<\/option><option value=\"Venda\" >Venda<\/option><option value=\"Vietnamesisch\" >Vietnamesisch<\/option><option value=\"Volapuk\" >Volapuk<\/option><option value=\"Wallonisch\" >Wallonisch<\/option><option value=\"Wolof\" >Wolof<\/option><option value=\"Xhosa\" >Xhosa<\/option><option value=\"Jiddisch\" >Jiddisch<\/option><option value=\"Joruba\" >Joruba<\/option><option value=\"ZhuangName\" >ZhuangName<\/option><option value=\"Chinesisch\" >Chinesisch<\/option><option value=\"Zulu\" >Zoulou<\/option><\/select><input type=\"hidden\" name=\"languages[]\" value=\"Franz\u00f6sisch\"\/><\/div><\/div><\/div><\/div>\t\t<input type=\"hidden\" name=\"form_id\" id=\"form_id_52\" value=\"52\" \/>\r\n\t\r\n\t<p class=\"um_request_name\">\r\n\t\t<label for=\"um_request_52\">Only fill in if you are not human<\/label>\r\n\t\t<input type=\"hidden\" name=\"um_request\" id=\"um_request_52\" class=\"input\" value=\"\" size=\"25\" autocomplete=\"off\" \/>\r\n\t<\/p>\r\n\r\n\t<input type=\"hidden\" id=\"_wpnonce\" name=\"_wpnonce\" value=\"3578cb6ec7\" \/><input type=\"hidden\" name=\"_wp_http_referer\" value=\"\/fr\/wp-json\/wp\/v2\/pages\/57\" \/>\n\t<div class=\"um-col-alt\">\n\n\t\t\n\t\t\t<div class=\"um-center\">\n\t\t\t\t<input type=\"submit\" value=\"Inscrivez-vous\" class=\"um-button\" id=\"um-submit-btn\" \/>\n\t\t\t<\/div>\n\n\t\t\n\t\t<div class=\"um-clear\"><\/div>\n\n\t<\/div>\n\n\t\t\t\r\n\t\t<\/form>\r\n\r\n\t<\/div>\r\n\r\n<\/div><style type=\"text\/css\">\n.um-52.um {\n\tmax-width: 450px;\n}<\/style>\n[\/vc_column_text][\/vc_column_inner][vc_column_inner width=&#8221;1\/4&#8243;][\/vc_column_inner][\/vc_row_inner][\/vc_column][vc_column][vc_row_inner][vc_column_inner width=&#8221;1\/4&#8243;][\/vc_column_inner][vc_column_inner width=&#8221;1\/2&#8243;][vc_column_text el_class=&#8221;white&#8221;]<\/p>\n<p style=\"text-align: center;\">Vos donn\u00e9es seront utilis\u00e9es exclusivement pour l&#8217;inscription \u00e0 la formation des nouveaut\u00e9s Electrolux et l&#8217;\u00e9valuation de celles-ci.<\/p>\n<p>[\/vc_column_text][\/vc_column_inner][vc_column_inner width=&#8221;1\/4&#8243;][\/vc_column_inner][\/vc_row_inner][\/vc_column][\/vc_row]<\/p>\n","protected":false},"excerpt":{"rendered":"<p>[vc_row full_width=&#8221;stretch_row&#8221; full_height=&#8221;yes&#8221; css=&#8221;.vc_custom_1607331104782{background-color: #011e41 !important;}&#8221;][vc_column][vc_row_inner css=&#8221;.vc_custom_1607408112914{margin-top: 5% !important;}&#8221;][vc_column_inner width=&#8221;1\/4&#8243;][\/vc_column_inner][vc_column_inner el_class=&#8221;white&#8221; width=&#8221;1\/2&#8243;][vc_column_text el_class=&#8221;white&#8221;] Enregistrement pour la formation des nouveaut\u00e9s Electrolux [\/vc_column_text][\/vc_column_inner][vc_column_inner width=&#8221;1\/4&#8243;][\/vc_column_inner][\/vc_row_inner][\/vc_column][vc_column el_class=&#8221;.round&#8221;][vc_row_inner css=&#8221;.vc_custom_1607332458101{margin-right: -30% !important;margin-left: -30% !important;}&#8221;][vc_column_inner width=&#8221;1\/4&#8243;][\/vc_column_inner][vc_column_inner el_class=&#8221;custom-pp-center&#8221; width=&#8221;1\/2&#8243;][vc_column_text][\/vc_column_text][\/vc_column_inner][vc_column_inner width=&#8221;1\/4&#8243;][\/vc_column_inner][\/vc_row_inner][\/vc_column][vc_column][vc_row_inner][vc_column_inner width=&#8221;1\/4&#8243;][\/vc_column_inner][vc_column_inner width=&#8221;1\/2&#8243;][vc_column_text el_class=&#8221;white&#8221;] Vos donn\u00e9es seront utilis\u00e9es exclusivement pour l&#8217;inscription \u00e0 la formation des nouveaut\u00e9s Electrolux et l&#8217;\u00e9valuation de celles-ci. [\/vc_column_text][\/vc_column_inner][vc_column_inner width=&#8221;1\/4&#8243;][\/vc_column_inner][\/vc_row_inner][\/vc_column][\/vc_row]<\/p>\n","protected":false},"author":1,"featured_media":0,"parent":0,"menu_order":0,"comment_status":"closed","ping_status":"closed","template":"","meta":[],"_links":{"self":[{"href":"https:\/\/fust-electrolux.neuheitenschulung.ch\/fr\/wp-json\/wp\/v2\/pages\/57"}],"collection":[{"href":"https:\/\/fust-electrolux.neuheitenschulung.ch\/fr\/wp-json\/wp\/v2\/pages"}],"about":[{"href":"https:\/\/fust-electrolux.neuheitenschulung.ch\/fr\/wp-json\/wp\/v2\/types\/page"}],"author":[{"embeddable":true,"href":"https:\/\/fust-electrolux.neuheitenschulung.ch\/fr\/wp-json\/wp\/v2\/users\/1"}],"replies":[{"embeddable":true,"href":"https:\/\/fust-electrolux.neuheitenschulung.ch\/fr\/wp-json\/wp\/v2\/comments?post=57"}],"version-history":[{"count":10,"href":"https:\/\/fust-electrolux.neuheitenschulung.ch\/fr\/wp-json\/wp\/v2\/pages\/57\/revisions"}],"predecessor-version":[{"id":721,"href":"https:\/\/fust-electrolux.neuheitenschulung.ch\/fr\/wp-json\/wp\/v2\/pages\/57\/revisions\/721"}],"wp:attachment":[{"href":"https:\/\/fust-electrolux.neuheitenschulung.ch\/fr\/wp-json\/wp\/v2\/media?parent=57"}],"curies":[{"name":"wp","href":"https:\/\/api.w.org\/{rel}","templated":true}]}}